{"id":22,"date":"2019-06-25T22:37:41","date_gmt":"2019-06-25T22:37:41","guid":{"rendered":"http:\/\/wp.rmsgigantografias.com.ar\/?page_id=22"},"modified":"2020-04-07T10:15:31","modified_gmt":"2020-04-07T13:15:31","slug":"quienes-somos","status":"publish","type":"page","link":"https:\/\/wp.rmsgigantografias.com.ar\/index.php\/quienes-somos\/","title":{"rendered":"Quienes Somos"},"content":{"rendered":"\t\t<div data-elementor-type=\"wp-page\" data-elementor-id=\"22\" class=\"elementor elementor-22\">\n\t\t\t\t\t\t<section class=\"elementor-section elementor-top-section elementor-element elementor-element-48a044a5 elementor-section-boxed elementor-section-height-default elementor-section-height-default\" data-id=\"48a044a5\" data-element_type=\"section\">\n\t\t\t\t\t\t<div class=\"elementor-container elementor-column-gap-default\">\n\t\t\t\t\t<div class=\"elementor-column elementor-col-100 elementor-top-column elementor-element elementor-element-6621f461\" data-id=\"6621f461\" data-element_type=\"column\">\n\t\t\t<div class=\"elementor-widget-wrap elementor-element-populated\">\n\t\t\t\t\t\t<div class=\"elementor-element elementor-element-af69a8a elementor-widget elementor-widget-progress\" data-id=\"af69a8a\" data-element_type=\"widget\" data-widget_type=\"progress.default\">\n\t\t\t\t<div class=\"elementor-widget-container\">\n\t\t\t\t\t\n\t\t<div class=\"elementor-progress-wrapper\" role=\"progressbar\" aria-valuemin=\"0\" aria-valuemax=\"100\" aria-valuenow=\"100\">\n\t\t\t<div class=\"elementor-progress-bar\" data-max=\"100\">\n\t\t\t\t<span class=\"elementor-progress-text\"><\/span>\n\t\t\t\t\t\t\t<\/div>\n\t\t<\/div>\n\t\t\t\t\t\t<\/div>\n\t\t\t\t<\/div>\n\t\t\t\t<div class=\"elementor-element elementor-element-4f112f9b elementor-widget elementor-widget-text-editor\" data-id=\"4f112f9b\" data-element_type=\"widget\" data-widget_type=\"text-editor.default\">\n\t\t\t\t<div class=\"elementor-widget-container\">\n\t\t\t\t\t\t\t\t\t<p><\/p>\n<h3 style=\"text-align: left;\"><span style=\"color: #000000;\"><strong>Iniciamos nuestras actividades hace m\u00e1s de 20 a\u00f1os, en 1998.<\/strong><\/span><\/h3>\n<h3 style=\"text-align: left;\"><span style=\"color: #000000;\"><strong>Fuimos evolucionando en el negocio de la carteler\u00eda y publicidad pasando por los distintos roles del oficio lo que nos da una perspectiva id\u00f3nea que transmitimos a nuestros clientes como parte del servicio.<\/strong><\/span><\/h3>\n<h3 style=\"text-align: left;\"><span style=\"color: #000000;\"><strong><\/strong><\/span><\/h3>\n<h3 style=\"text-align: left;\"><span style=\"color: #000000;\"><strong><\/strong><\/span><\/h3>\n<h3 style=\"text-align: left;\"><span style=\"color: #000000;\"><strong>Tenemos por pol\u00edtica actualizarnos tecnol\u00f3gicamente para brindar el servicio confiable y profesional que espera todo instalador.<\/strong><\/span><\/h3>\n<h3><span style=\"color: #000000;\"><strong>Brindamos:<\/strong><\/span><\/h3>\n<ul style=\"text-align: left;\">\n<li>\n<h4><span style=\"color: #000000;\"><strong>Atenci\u00f3n especializada.<\/strong><\/span><\/h4>\n<\/li>\n<\/ul>\n<ul style=\"text-align: left;\">\n<li>\n<h4><span style=\"color: #000000;\"><strong>Asesoramiento t\u00e9cnico.<\/strong><\/span><\/h4>\n<\/li>\n<\/ul>\n<ul style=\"text-align: left;\">\n<li>\n<h4><span style=\"color: #000000;\"><strong>Respuesta inmediata.<\/strong><\/span><\/h4>\n<\/li>\n<\/ul>\n<ul style=\"text-align: left;\">\n<li>\n<h4><span style=\"color: #000000;\"><strong>Experiencia en instalaciones.<\/strong><\/span><\/h4>\n<\/li>\n<\/ul>\n<ul>\n<li style=\"text-align: left;\">\n<h4><span style=\"color: #000000;\"><strong>Alto est\u00e1ndar en servicios y materiales.<\/strong><\/span><\/h4>\n<\/li>\n<\/ul>\n<p><\/p>\n<p><\/p>\n<p><\/p>\t\t\t\t\t\t\t\t<\/div>\n\t\t\t\t<\/div>\n\t\t\t\t<div class=\"elementor-element elementor-element-2fe67cb elementor-widget elementor-widget-image\" data-id=\"2fe67cb\" data-element_type=\"widget\" data-widget_type=\"image.default\">\n\t\t\t\t<div class=\"elementor-widget-container\">\n\t\t\t\t\t\t\t\t\t\t\t\t\t\t\t<img decoding=\"async\" width=\"196\" height=\"172\" src=\"https:\/\/wp.rmsgigantografias.com.ar\/wp-content\/uploads\/2019\/06\/logo.png\" class=\"attachment-large size-large wp-image-116\" alt=\"Gigantograf\u00edas\" \/>\t\t\t\t\t\t\t\t\t\t\t\t\t\t\t<\/div>\n\t\t\t\t<\/div>\n\t\t\t\t\t<\/div>\n\t\t<\/div>\n\t\t\t\t\t<\/div>\n\t\t<\/section>\n\t\t\t\t<\/div>\n\t\t","protected":false},"excerpt":{"rendered":"<p>Iniciamos nuestras actividades hace m\u00e1s de 20 a\u00f1os, en 1998. Fuimos evolucionando en el negocio de la carteler\u00eda y publicidad pasando por los distintos roles del oficio lo que nos da una perspectiva id\u00f3nea que transmitimos a nuestros clientes como parte del servicio. Tenemos por pol\u00edtica actualizarnos tecnol\u00f3gicamente para brindar el servicio confiable y profesional [&hellip;]<\/p>\n","protected":false},"author":1,"featured_media":116,"parent":0,"menu_order":0,"comment_status":"closed","ping_status":"closed","template":"","meta":{"ngg_post_thumbnail":0,"footnotes":""},"class_list":["post-22","page","type-page","status-publish","has-post-thumbnail","hentry"],"_links":{"self":[{"href":"https:\/\/wp.rmsgigantografias.com.ar\/index.php\/wp-json\/wp\/v2\/pages\/22","targetHints":{"allow":["GET"]}}],"collection":[{"href":"https:\/\/wp.rmsgigantografias.com.ar\/index.php\/wp-json\/wp\/v2\/pages"}],"about":[{"href":"https:\/\/wp.rmsgigantografias.com.ar\/index.php\/wp-json\/wp\/v2\/types\/page"}],"author":[{"embeddable":true,"href":"https:\/\/wp.rmsgigantografias.com.ar\/index.php\/wp-json\/wp\/v2\/users\/1"}],"replies":[{"embeddable":true,"href":"https:\/\/wp.rmsgigantografias.com.ar\/index.php\/wp-json\/wp\/v2\/comments?post=22"}],"version-history":[{"count":25,"href":"https:\/\/wp.rmsgigantografias.com.ar\/index.php\/wp-json\/wp\/v2\/pages\/22\/revisions"}],"predecessor-version":[{"id":962,"href":"https:\/\/wp.rmsgigantografias.com.ar\/index.php\/wp-json\/wp\/v2\/pages\/22\/revisions\/962"}],"wp:featuredmedia":[{"embeddable":true,"href":"https:\/\/wp.rmsgigantografias.com.ar\/index.php\/wp-json\/wp\/v2\/media\/116"}],"wp:attachment":[{"href":"https:\/\/wp.rmsgigantografias.com.ar\/index.php\/wp-json\/wp\/v2\/media?parent=22"}],"curies":[{"name":"wp","href":"https:\/\/api.w.org\/{rel}","templated":true}]}}