{"id":691,"date":"2020-04-02T11:43:11","date_gmt":"2020-04-02T14:43:11","guid":{"rendered":"http:\/\/wp.rmsgigantografias.com.ar\/?page_id=691"},"modified":"2020-04-03T09:22:36","modified_gmt":"2020-04-03T12:22:36","slug":"impresion-de-calcos1","status":"publish","type":"page","link":"https:\/\/wp.rmsgigantografias.com.ar\/index.php\/impresion-de-calcos1\/","title":{"rendered":"Impresi\u00f3n de calcoman\u00edas &#8211; stickers"},"content":{"rendered":"\t\t<div data-elementor-type=\"wp-page\" data-elementor-id=\"691\" class=\"elementor elementor-691\">\n\t\t\t\t\t\t<section class=\"elementor-section elementor-top-section elementor-element elementor-element-50dc972 elementor-section-boxed elementor-section-height-default elementor-section-height-default\" data-id=\"50dc972\" data-element_type=\"section\">\n\t\t\t\t\t\t<div class=\"elementor-container elementor-column-gap-default\">\n\t\t\t\t\t<div class=\"elementor-column elementor-col-100 elementor-top-column elementor-element elementor-element-6951023\" data-id=\"6951023\" data-element_type=\"column\">\n\t\t\t<div class=\"elementor-widget-wrap elementor-element-populated\">\n\t\t\t\t\t\t<div class=\"elementor-element elementor-element-7ba1b05 elementor-widget elementor-widget-progress\" data-id=\"7ba1b05\" data-element_type=\"widget\" data-widget_type=\"progress.default\">\n\t\t\t\t<div class=\"elementor-widget-container\">\n\t\t\t\t\t\n\t\t<div class=\"elementor-progress-wrapper\" role=\"progressbar\" aria-valuemin=\"0\" aria-valuemax=\"100\" aria-valuenow=\"100\">\n\t\t\t<div class=\"elementor-progress-bar\" data-max=\"100\">\n\t\t\t\t<span class=\"elementor-progress-text\"><\/span>\n\t\t\t\t\t\t\t<\/div>\n\t\t<\/div>\n\t\t\t\t\t\t<\/div>\n\t\t\t\t<\/div>\n\t\t\t\t<div class=\"elementor-element elementor-element-038cc2a elementor-widget elementor-widget-text-editor\" data-id=\"038cc2a\" data-element_type=\"widget\" data-widget_type=\"text-editor.default\">\n\t\t\t\t<div class=\"elementor-widget-container\">\n\t\t\t\t\t\t\t\t\t<p><\/p>\n<h3><span style=\"color: #000000;\"><strong>Impresi\u00f3n y corte en la misma m\u00e1quina<\/strong><\/span><\/h3>\n<h4 style=\"font-size: 15px; font-style: normal; transition: all 0.2s ease 0s;\"><span style=\"color: #000000;\">Ahora no tiene que esperar semanas ni limitarse en la cantidad de colores. Producci\u00f3n en calidad fotogr\u00e1fica de calcoman\u00edas con troquelado correspondiente.<\/span><\/h4>\n<h4 style=\"font-size: 15px; font-style: normal;\">&nbsp;<\/h4>\n<ul style=\"font-size: 15px; font-style: normal;\">\n<li style=\"font-size: 15px;\">\n<h4><span style=\"color: #000000;\">1440 dpi.<\/span><\/h4>\n<\/li>\n<li style=\"font-size: 15px;\">\n<h4><span style=\"color: #000000;\">Sin limitaci\u00f3n de colores.<\/span><\/h4>\n<\/li>\n<li style=\"font-size: 15px;\">\n<h4><span style=\"color: #000000;\">Troquelado y medio corte.<\/span><\/h4>\n<\/li>\n<li style=\"font-size: 15px;\">\n<h4><span style=\"color: #000000;\">Sin l\u00edmites de tiraje.<\/span><\/h4>\n<\/li>\n<li style=\"font-size: 15px;\">\n<h4><span style=\"color: #000000;\">Producci\u00f3n inmediata.<\/span><\/h4>\n<\/li>\n<\/ul>\n<p><\/p>\t\t\t\t\t\t\t\t<\/div>\n\t\t\t\t<\/div>\n\t\t\t\t<div class=\"elementor-element elementor-element-138f095 elementor-widget elementor-widget-image-gallery\" data-id=\"138f095\" data-element_type=\"widget\" data-widget_type=\"image-gallery.default\">\n\t\t\t\t<div class=\"elementor-widget-container\">\n\t\t\t\t\t\t\t<div class=\"elementor-image-gallery\">\n\t\t\t\n\t\t<style type=\"text\/css\">\n\t\t\t#gallery-1 {\n\t\t\t\tmargin: auto;\n\t\t\t}\n\t\t\t#gallery-1 .gallery-item {\n\t\t\t\tfloat: left;\n\t\t\t\tmargin-top: 10px;\n\t\t\t\ttext-align: center;\n\t\t\t\twidth: 50%;\n\t\t\t}\n\t\t\t#gallery-1 img {\n\t\t\t\tborder: 2px solid #cfcfcf;\n\t\t\t}\n\t\t\t#gallery-1 .gallery-caption {\n\t\t\t\tmargin-left: 0;\n\t\t\t}\n\t\t\t\/* see gallery_shortcode() in wp-includes\/media.php *\/\n\t\t<\/style>\n\t\t<div id='gallery-1' class='gallery galleryid-691 gallery-columns-2 gallery-size-medium'><dl class='gallery-item'>\n\t\t\t<dt class='gallery-icon landscape'>\n\t\t\t\t<a data-elementor-open-lightbox=\"yes\" data-elementor-lightbox-slideshow=\"138f095\" data-elementor-lightbox-title=\"STICKERS\" data-e-action-hash=\"#elementor-action%3Aaction%3Dlightbox%26settings%3DeyJpZCI6NjM3LCJ1cmwiOiJodHRwczpcL1wvd3Aucm1zZ2lnYW50b2dyYWZpYXMuY29tLmFyXC93cC1jb250ZW50XC91cGxvYWRzXC8yMDIwXC8wNFwvU1RJQ0tFUlMucG5nIiwic2xpZGVzaG93IjoiMTM4ZjA5NSJ9\" href='https:\/\/wp.rmsgigantografias.com.ar\/wp-content\/uploads\/2020\/04\/STICKERS.png'><img fetchpriority=\"high\" decoding=\"async\" width=\"300\" height=\"225\" src=\"https:\/\/wp.rmsgigantografias.com.ar\/wp-content\/uploads\/2020\/04\/STICKERS-300x225.png\" class=\"attachment-medium size-medium\" alt=\"\" srcset=\"https:\/\/wp.rmsgigantografias.com.ar\/wp-content\/uploads\/2020\/04\/STICKERS-300x225.png 300w, https:\/\/wp.rmsgigantografias.com.ar\/wp-content\/uploads\/2020\/04\/STICKERS-1024x768.png 1024w, https:\/\/wp.rmsgigantografias.com.ar\/wp-content\/uploads\/2020\/04\/STICKERS-768x576.png 768w, https:\/\/wp.rmsgigantografias.com.ar\/wp-content\/uploads\/2020\/04\/STICKERS.png 1181w\" sizes=\"(max-width: 300px) 100vw, 300px\" \/><\/a>\n\t\t\t<\/dt><\/dl><dl class='gallery-item'>\n\t\t\t<dt class='gallery-icon landscape'>\n\t\t\t\t<a data-elementor-open-lightbox=\"yes\" data-elementor-lightbox-slideshow=\"138f095\" data-elementor-lightbox-title=\"CALCOMANIAS\" data-e-action-hash=\"#elementor-action%3Aaction%3Dlightbox%26settings%3DeyJpZCI6NjM2LCJ1cmwiOiJodHRwczpcL1wvd3Aucm1zZ2lnYW50b2dyYWZpYXMuY29tLmFyXC93cC1jb250ZW50XC91cGxvYWRzXC8yMDIwXC8wNFwvQ0FMQ09NQU5JQVMucG5nIiwic2xpZGVzaG93IjoiMTM4ZjA5NSJ9\" href='https:\/\/wp.rmsgigantografias.com.ar\/wp-content\/uploads\/2020\/04\/CALCOMANIAS.png'><img decoding=\"async\" width=\"300\" height=\"225\" src=\"https:\/\/wp.rmsgigantografias.com.ar\/wp-content\/uploads\/2020\/04\/CALCOMANIAS-300x225.png\" class=\"attachment-medium size-medium\" alt=\"\" srcset=\"https:\/\/wp.rmsgigantografias.com.ar\/wp-content\/uploads\/2020\/04\/CALCOMANIAS-300x225.png 300w, https:\/\/wp.rmsgigantografias.com.ar\/wp-content\/uploads\/2020\/04\/CALCOMANIAS-1024x768.png 1024w, https:\/\/wp.rmsgigantografias.com.ar\/wp-content\/uploads\/2020\/04\/CALCOMANIAS-768x576.png 768w, https:\/\/wp.rmsgigantografias.com.ar\/wp-content\/uploads\/2020\/04\/CALCOMANIAS.png 1182w\" sizes=\"(max-width: 300px) 100vw, 300px\" \/><\/a>\n\t\t\t<\/dt><\/dl><br style=\"clear: both\" \/>\n\t\t<\/div>\n\t\t<\/div>\n\t\t\t\t\t\t<\/div>\n\t\t\t\t<\/div>\n\t\t\t\t<div class=\"elementor-element elementor-element-d572716 elementor-widget elementor-widget-video\" data-id=\"d572716\" data-element_type=\"widget\" data-settings=\"{&quot;youtube_url&quot;:&quot;https:\\\/\\\/youtu.be\\\/nfTKdLB_OYk&quot;,&quot;video_type&quot;:&quot;youtube&quot;,&quot;controls&quot;:&quot;yes&quot;}\" data-widget_type=\"video.default\">\n\t\t\t\t<div class=\"elementor-widget-container\">\n\t\t\t\t\t\t\t<div class=\"elementor-wrapper elementor-open-inline\">\n\t\t\t<div class=\"elementor-video\"><\/div>\t\t<\/div>\n\t\t\t\t\t\t<\/div>\n\t\t\t\t<\/div>\n\t\t\t\t\t<\/div>\n\t\t<\/div>\n\t\t\t\t\t<\/div>\n\t\t<\/section>\n\t\t\t\t<\/div>\n\t\t","protected":false},"excerpt":{"rendered":"<p>Impresi\u00f3n y corte en la misma m\u00e1quina Ahora no tiene que esperar semanas ni limitarse en la cantidad de colores. Producci\u00f3n en calidad fotogr\u00e1fica de calcoman\u00edas con troquelado correspondiente. &nbsp; 1440 dpi. Sin limitaci\u00f3n de colores. Troquelado y medio corte. Sin l\u00edmites de tiraje. Producci\u00f3n inmediata. https:\/\/youtu.be\/nfTKdLB_OYk<\/p>\n","protected":false},"author":2,"featured_media":0,"parent":0,"menu_order":0,"comment_status":"closed","ping_status":"closed","template":"","meta":{"ngg_post_thumbnail":0,"footnotes":""},"class_list":["post-691","page","type-page","status-publish","hentry"],"_links":{"self":[{"href":"https:\/\/wp.rmsgigantografias.com.ar\/index.php\/wp-json\/wp\/v2\/pages\/691","targetHints":{"allow":["GET"]}}],"collection":[{"href":"https:\/\/wp.rmsgigantografias.com.ar\/index.php\/wp-json\/wp\/v2\/pages"}],"about":[{"href":"https:\/\/wp.rmsgigantografias.com.ar\/index.php\/wp-json\/wp\/v2\/types\/page"}],"author":[{"embeddable":true,"href":"https:\/\/wp.rmsgigantografias.com.ar\/index.php\/wp-json\/wp\/v2\/users\/2"}],"replies":[{"embeddable":true,"href":"https:\/\/wp.rmsgigantografias.com.ar\/index.php\/wp-json\/wp\/v2\/comments?post=691"}],"version-history":[{"count":4,"href":"https:\/\/wp.rmsgigantografias.com.ar\/index.php\/wp-json\/wp\/v2\/pages\/691\/revisions"}],"predecessor-version":[{"id":698,"href":"https:\/\/wp.rmsgigantografias.com.ar\/index.php\/wp-json\/wp\/v2\/pages\/691\/revisions\/698"}],"wp:attachment":[{"href":"https:\/\/wp.rmsgigantografias.com.ar\/index.php\/wp-json\/wp\/v2\/media?parent=691"}],"curies":[{"name":"wp","href":"https:\/\/api.w.org\/{rel}","templated":true}]}}