{"id":764,"date":"2020-04-03T10:06:12","date_gmt":"2020-04-03T13:06:12","guid":{"rendered":"http:\/\/wp.rmsgigantografias.com.ar\/?page_id=764"},"modified":"2020-04-10T11:15:42","modified_gmt":"2020-04-10T14:15:42","slug":"impresion-gran-formato","status":"publish","type":"page","link":"https:\/\/wp.rmsgigantografias.com.ar\/index.php\/impresion-gran-formato\/","title":{"rendered":"Impresi\u00f3n Gran Formato"},"content":{"rendered":"\t\t<div data-elementor-type=\"wp-page\" data-elementor-id=\"764\" class=\"elementor elementor-764\">\n\t\t\t\t\t\t<section class=\"elementor-section elementor-top-section elementor-element elementor-element-1664fde elementor-section-boxed elementor-section-height-default elementor-section-height-default\" data-id=\"1664fde\" data-element_type=\"section\">\n\t\t\t\t\t\t<div class=\"elementor-container elementor-column-gap-default\">\n\t\t\t\t\t<div class=\"elementor-column elementor-col-100 elementor-top-column elementor-element elementor-element-44115d7\" data-id=\"44115d7\" data-element_type=\"column\">\n\t\t\t<div class=\"elementor-widget-wrap elementor-element-populated\">\n\t\t\t\t\t\t<div class=\"elementor-element elementor-element-81a42f3 elementor-widget elementor-widget-progress\" data-id=\"81a42f3\" data-element_type=\"widget\" data-widget_type=\"progress.default\">\n\t\t\t\t<div class=\"elementor-widget-container\">\n\t\t\t\t\t\n\t\t<div class=\"elementor-progress-wrapper progress-success\" role=\"progressbar\" aria-valuemin=\"0\" aria-valuemax=\"100\" aria-valuenow=\"100\">\n\t\t\t<div class=\"elementor-progress-bar\" data-max=\"100\">\n\t\t\t\t<span class=\"elementor-progress-text\"><\/span>\n\t\t\t\t\t\t\t<\/div>\n\t\t<\/div>\n\t\t\t\t\t\t<\/div>\n\t\t\t\t<\/div>\n\t\t\t\t\t<\/div>\n\t\t<\/div>\n\t\t\t\t\t<\/div>\n\t\t<\/section>\n\t\t\t\t<section class=\"elementor-section elementor-top-section elementor-element elementor-element-4eb5c52 elementor-section-boxed elementor-section-height-default elementor-section-height-default\" data-id=\"4eb5c52\" data-element_type=\"section\">\n\t\t\t\t\t\t<div class=\"elementor-container elementor-column-gap-default\">\n\t\t\t\t\t<div class=\"elementor-column elementor-col-100 elementor-top-column elementor-element elementor-element-c6fbec1\" data-id=\"c6fbec1\" data-element_type=\"column\">\n\t\t\t<div class=\"elementor-widget-wrap elementor-element-populated\">\n\t\t\t\t\t\t<div class=\"elementor-element elementor-element-4a801b1 elementor-widget elementor-widget-text-editor\" data-id=\"4a801b1\" data-element_type=\"widget\" data-widget_type=\"text-editor.default\">\n\t\t\t\t<div class=\"elementor-widget-container\">\n\t\t\t\t\t\t\t\t\t<p><\/p>\n<h4 class=\"wp-block-heading\"><span style=\"color: #000000;\">Realizamos trabajos de impresi\u00f3n en lona frontligh &#8211; backlight &#8211; Mesh en calidad fotogr\u00e1fica para v\u00eda p\u00fablica sin l\u00edmites de medidas.<br>Trabajamos con equipamiento tecnol\u00f3gico que renovamos continuamente para alcanzar el mejor rendimiento y servicio al gremio.<\/span><\/h4>\n<ul>\n<li>\n<h4><span style=\"color: #000000;\">1440 dpi.<\/span><\/h4>\n<\/li>\n<\/ul>\n<ul>\n<li>\n<h4><span style=\"color: #000000;\">3,20 mts de ancho de impresi\u00f3n sin soldar.<\/span><\/h4>\n<\/li>\n<\/ul>\n<ul>\n<li>\n<h4><span style=\"color: #000000;\">Tintas ecol\u00f3gicas.<\/span><\/h4>\n<\/li>\n<\/ul>\n<ul>\n<li>\n<h4><span style=\"color: #000000;\">Colores permanentes resistentes.<\/span><\/h4>\n<\/li>\n<\/ul>\n<ul>\n<li>\n<h4><span style=\"color: #000000;\">Pruebas de color.<\/span><\/h4>\n<\/li>\n<\/ul>\n<ul>\n<li>\n<h4><span style=\"color: #000000;\">Impresi\u00f3n sobre amplia variedad de materiales: Lona Frontlight, Lona Backlight, Lona Mesh, Lona Blackout o consultenos para enviarnos su material para imprimir.<\/span><\/h4>\n<\/li>\n<\/ul>\n<p><\/p>\n<p><\/p>\n<p><\/p>\t\t\t\t\t\t\t\t<\/div>\n\t\t\t\t<\/div>\n\t\t\t\t<div class=\"elementor-element elementor-element-7bd097e elementor-widget elementor-widget-image\" data-id=\"7bd097e\" data-element_type=\"widget\" data-widget_type=\"image.default\">\n\t\t\t\t<div class=\"elementor-widget-container\">\n\t\t\t\t\t\t\t\t\t\t\t\t\t\t\t<img fetchpriority=\"high\" decoding=\"async\" width=\"1024\" height=\"576\" src=\"https:\/\/wp.rmsgigantografias.com.ar\/wp-content\/uploads\/2019\/06\/FOTO-EEE--1024x576.jpg\" class=\"attachment-large size-large wp-image-521\" alt=\"\" srcset=\"https:\/\/wp.rmsgigantografias.com.ar\/wp-content\/uploads\/2019\/06\/FOTO-EEE--1024x576.jpg 1024w, https:\/\/wp.rmsgigantografias.com.ar\/wp-content\/uploads\/2019\/06\/FOTO-EEE--300x169.jpg 300w, https:\/\/wp.rmsgigantografias.com.ar\/wp-content\/uploads\/2019\/06\/FOTO-EEE--768x432.jpg 768w, https:\/\/wp.rmsgigantografias.com.ar\/wp-content\/uploads\/2019\/06\/FOTO-EEE-.jpg 1280w\" sizes=\"(max-width: 1024px) 100vw, 1024px\" \/>\t\t\t\t\t\t\t\t\t\t\t\t\t\t\t<\/div>\n\t\t\t\t<\/div>\n\t\t\t\t\t<\/div>\n\t\t<\/div>\n\t\t\t\t\t<\/div>\n\t\t<\/section>\n\t\t\t\t<\/div>\n\t\t","protected":false},"excerpt":{"rendered":"<p>Realizamos trabajos de impresi\u00f3n en lona frontligh &#8211; backlight &#8211; Mesh en calidad fotogr\u00e1fica para v\u00eda p\u00fablica sin l\u00edmites de medidas.Trabajamos con equipamiento tecnol\u00f3gico que renovamos continuamente para alcanzar el mejor rendimiento y servicio al gremio. 1440 dpi. 3,20 mts de ancho de impresi\u00f3n sin soldar. Tintas ecol\u00f3gicas. Colores permanentes resistentes. Pruebas de color. Impresi\u00f3n [&hellip;]<\/p>\n","protected":false},"author":2,"featured_media":0,"parent":0,"menu_order":0,"comment_status":"closed","ping_status":"closed","template":"","meta":{"ngg_post_thumbnail":0,"footnotes":""},"class_list":["post-764","page","type-page","status-publish","hentry"],"_links":{"self":[{"href":"https:\/\/wp.rmsgigantografias.com.ar\/index.php\/wp-json\/wp\/v2\/pages\/764","targetHints":{"allow":["GET"]}}],"collection":[{"href":"https:\/\/wp.rmsgigantografias.com.ar\/index.php\/wp-json\/wp\/v2\/pages"}],"about":[{"href":"https:\/\/wp.rmsgigantografias.com.ar\/index.php\/wp-json\/wp\/v2\/types\/page"}],"author":[{"embeddable":true,"href":"https:\/\/wp.rmsgigantografias.com.ar\/index.php\/wp-json\/wp\/v2\/users\/2"}],"replies":[{"embeddable":true,"href":"https:\/\/wp.rmsgigantografias.com.ar\/index.php\/wp-json\/wp\/v2\/comments?post=764"}],"version-history":[{"count":5,"href":"https:\/\/wp.rmsgigantografias.com.ar\/index.php\/wp-json\/wp\/v2\/pages\/764\/revisions"}],"predecessor-version":[{"id":1076,"href":"https:\/\/wp.rmsgigantografias.com.ar\/index.php\/wp-json\/wp\/v2\/pages\/764\/revisions\/1076"}],"wp:attachment":[{"href":"https:\/\/wp.rmsgigantografias.com.ar\/index.php\/wp-json\/wp\/v2\/media?parent=764"}],"curies":[{"name":"wp","href":"https:\/\/api.w.org\/{rel}","templated":true}]}}