{"id":769,"date":"2020-04-03T10:09:07","date_gmt":"2020-04-03T13:09:07","guid":{"rendered":"http:\/\/wp.rmsgigantografias.com.ar\/?page_id=769"},"modified":"2020-04-07T09:46:04","modified_gmt":"2020-04-07T12:46:04","slug":"impresion-de-vinilos","status":"publish","type":"page","link":"https:\/\/wp.rmsgigantografias.com.ar\/index.php\/impresion-de-vinilos\/","title":{"rendered":"Impresi\u00f3n de vinilos"},"content":{"rendered":"\t\t<div data-elementor-type=\"wp-page\" data-elementor-id=\"769\" class=\"elementor elementor-769\">\n\t\t\t\t\t\t<section class=\"elementor-section elementor-top-section elementor-element elementor-element-75dd463 elementor-section-boxed elementor-section-height-default elementor-section-height-default\" data-id=\"75dd463\" data-element_type=\"section\">\n\t\t\t\t\t\t<div class=\"elementor-container elementor-column-gap-default\">\n\t\t\t\t\t<div class=\"elementor-column elementor-col-100 elementor-top-column elementor-element elementor-element-092748f\" data-id=\"092748f\" data-element_type=\"column\">\n\t\t\t<div class=\"elementor-widget-wrap elementor-element-populated\">\n\t\t\t\t\t\t<div class=\"elementor-element elementor-element-0db3fb9 elementor-widget elementor-widget-progress\" data-id=\"0db3fb9\" data-element_type=\"widget\" data-widget_type=\"progress.default\">\n\t\t\t\t<div class=\"elementor-widget-container\">\n\t\t\t\t\t\n\t\t<div class=\"elementor-progress-wrapper\" role=\"progressbar\" aria-valuemin=\"0\" aria-valuemax=\"100\" aria-valuenow=\"100\">\n\t\t\t<div class=\"elementor-progress-bar\" data-max=\"100\">\n\t\t\t\t<span class=\"elementor-progress-text\"><\/span>\n\t\t\t\t\t\t\t<\/div>\n\t\t<\/div>\n\t\t\t\t\t\t<\/div>\n\t\t\t\t<\/div>\n\t\t\t\t\t<\/div>\n\t\t<\/div>\n\t\t\t\t\t<\/div>\n\t\t<\/section>\n\t\t\t\t<section class=\"elementor-section elementor-top-section elementor-element elementor-element-2d45a7d elementor-section-boxed elementor-section-height-default elementor-section-height-default\" data-id=\"2d45a7d\" data-element_type=\"section\">\n\t\t\t\t\t\t<div class=\"elementor-container elementor-column-gap-default\">\n\t\t\t\t\t<div class=\"elementor-column elementor-col-100 elementor-top-column elementor-element elementor-element-fce19bb\" data-id=\"fce19bb\" data-element_type=\"column\">\n\t\t\t<div class=\"elementor-widget-wrap elementor-element-populated\">\n\t\t\t\t\t\t<div class=\"elementor-element elementor-element-68bc543 elementor-widget elementor-widget-text-editor\" data-id=\"68bc543\" data-element_type=\"widget\" data-widget_type=\"text-editor.default\">\n\t\t\t\t<div class=\"elementor-widget-container\">\n\t\t\t\t\t\t\t\t\t<p><\/p>\n<h3><span style=\"color: #000000;\"><span style=\"text-decoration: underline;\">Vinilos<\/span>:&nbsp;<\/span><\/h3>\n<h3><span style=\"color: #000000;\">-Blanco brillante&nbsp;<\/span><\/h3>\n<h3><span style=\"color: #000000;\">-Blanco mate&nbsp;<\/span><\/h3>\n<h3><span style=\"color: #000000;\">-Cristal<\/span><\/h3>\n<h3><span style=\"color: #000000;\">-Blanco brillante base gris<\/span><\/h3>\n<h4>&nbsp;<\/h4>\n<h4><span style=\"color: #000000;\"><strong>Impresiones en calidad fotogr\u00e1fica, 1440 dpi.<\/strong><\/span><\/h4>\n<h4><span style=\"color: #000000;\"><\/span><\/h4>\n<h4><span style=\"color: #000000;\">La calidad de nuestras impresiones impactar\u00e1 directamente en las ventas de su negocio y usted podr\u00e1 competir en un mercado en el que la calidad y el servicio son factores determinantes.<\/span><\/h4>\n<h4><span style=\"color: #000000;\"><\/span><\/h4>\n<ul class=\"wp-block-list\">\n<li>\n<h4><span style=\"color: #000000;\">Impresi\u00f3n de vinilos autoadhesivos de uso interno y externo.<\/span><\/h4>\n<\/li>\n<li>\n<h4><span style=\"color: #000000;\">Se\u00f1alizaci\u00f3n.<\/span><\/h4>\n<\/li>\n<li>\n<h4><span style=\"color: #000000;\">Carteler\u00eda.<\/span><\/h4>\n<\/li>\n<li>\n<h4><span style=\"color: #000000;\">Gr\u00e1fica vehicular.<\/span><\/h4>\n<\/li>\n<li>\n<h4><span style=\"color: #000000;\">Decoraci\u00f3n de ambientes y comercios.<\/span><\/h4>\n<\/li>\n<li>\n<h4><span style=\"color: #000000;\">Decoraci\u00f3n de Vidrieras.<\/span><\/h4>\n<\/li>\n<\/ul>\n<p><\/p>\t\t\t\t\t\t\t\t<\/div>\n\t\t\t\t<\/div>\n\t\t\t\t<div class=\"elementor-element elementor-element-f7e942c elementor-widget elementor-widget-image\" data-id=\"f7e942c\" data-element_type=\"widget\" data-widget_type=\"image.default\">\n\t\t\t\t<div class=\"elementor-widget-container\">\n\t\t\t\t\t\t\t\t\t\t\t\t\t\t\t<img fetchpriority=\"high\" decoding=\"async\" width=\"1024\" height=\"772\" src=\"https:\/\/wp.rmsgigantografias.com.ar\/wp-content\/uploads\/2020\/04\/FOTO-LLL-1024x772.png\" class=\"attachment-large size-large wp-image-964\" alt=\"\" srcset=\"https:\/\/wp.rmsgigantografias.com.ar\/wp-content\/uploads\/2020\/04\/FOTO-LLL-1024x772.png 1024w, https:\/\/wp.rmsgigantografias.com.ar\/wp-content\/uploads\/2020\/04\/FOTO-LLL-300x226.png 300w, https:\/\/wp.rmsgigantografias.com.ar\/wp-content\/uploads\/2020\/04\/FOTO-LLL-768x579.png 768w, https:\/\/wp.rmsgigantografias.com.ar\/wp-content\/uploads\/2020\/04\/FOTO-LLL.png 1181w\" sizes=\"(max-width: 1024px) 100vw, 1024px\" \/>\t\t\t\t\t\t\t\t\t\t\t\t\t\t\t<\/div>\n\t\t\t\t<\/div>\n\t\t\t\t\t<\/div>\n\t\t<\/div>\n\t\t\t\t\t<\/div>\n\t\t<\/section>\n\t\t\t\t<\/div>\n\t\t","protected":false},"excerpt":{"rendered":"<p>Vinilos:&nbsp; -Blanco brillante&nbsp; -Blanco mate&nbsp; -Cristal -Blanco brillante base gris &nbsp; Impresiones en calidad fotogr\u00e1fica, 1440 dpi. La calidad de nuestras impresiones impactar\u00e1 directamente en las ventas de su negocio y usted podr\u00e1 competir en un mercado en el que la calidad y el servicio son factores determinantes. Impresi\u00f3n de vinilos autoadhesivos de uso interno [&hellip;]<\/p>\n","protected":false},"author":2,"featured_media":0,"parent":0,"menu_order":0,"comment_status":"closed","ping_status":"closed","template":"","meta":{"ngg_post_thumbnail":0,"footnotes":""},"class_list":["post-769","page","type-page","status-publish","hentry"],"_links":{"self":[{"href":"https:\/\/wp.rmsgigantografias.com.ar\/index.php\/wp-json\/wp\/v2\/pages\/769","targetHints":{"allow":["GET"]}}],"collection":[{"href":"https:\/\/wp.rmsgigantografias.com.ar\/index.php\/wp-json\/wp\/v2\/pages"}],"about":[{"href":"https:\/\/wp.rmsgigantografias.com.ar\/index.php\/wp-json\/wp\/v2\/types\/page"}],"author":[{"embeddable":true,"href":"https:\/\/wp.rmsgigantografias.com.ar\/index.php\/wp-json\/wp\/v2\/users\/2"}],"replies":[{"embeddable":true,"href":"https:\/\/wp.rmsgigantografias.com.ar\/index.php\/wp-json\/wp\/v2\/comments?post=769"}],"version-history":[{"count":10,"href":"https:\/\/wp.rmsgigantografias.com.ar\/index.php\/wp-json\/wp\/v2\/pages\/769\/revisions"}],"predecessor-version":[{"id":984,"href":"https:\/\/wp.rmsgigantografias.com.ar\/index.php\/wp-json\/wp\/v2\/pages\/769\/revisions\/984"}],"wp:attachment":[{"href":"https:\/\/wp.rmsgigantografias.com.ar\/index.php\/wp-json\/wp\/v2\/media?parent=769"}],"curies":[{"name":"wp","href":"https:\/\/api.w.org\/{rel}","templated":true}]}}