{"id":891,"date":"2020-04-06T09:19:58","date_gmt":"2020-04-06T12:19:58","guid":{"rendered":"http:\/\/wp.rmsgigantografias.com.ar\/?page_id=891"},"modified":"2020-04-09T11:50:08","modified_gmt":"2020-04-09T14:50:08","slug":"trabajos-especiales","status":"publish","type":"page","link":"https:\/\/wp.rmsgigantografias.com.ar\/index.php\/trabajos-especiales\/","title":{"rendered":"Trabajos especiales"},"content":{"rendered":"\t\t<div data-elementor-type=\"wp-page\" data-elementor-id=\"891\" class=\"elementor elementor-891\">\n\t\t\t\t\t\t<section class=\"elementor-section elementor-top-section elementor-element elementor-element-b8993c3 elementor-section-boxed elementor-section-height-default elementor-section-height-default\" data-id=\"b8993c3\" data-element_type=\"section\">\n\t\t\t\t\t\t<div class=\"elementor-container elementor-column-gap-default\">\n\t\t\t\t\t<div class=\"elementor-column elementor-col-100 elementor-top-column elementor-element elementor-element-619e0b3\" data-id=\"619e0b3\" data-element_type=\"column\">\n\t\t\t<div class=\"elementor-widget-wrap elementor-element-populated\">\n\t\t\t\t\t\t<div class=\"elementor-element elementor-element-ba67c2c elementor-widget elementor-widget-text-editor\" data-id=\"ba67c2c\" data-element_type=\"widget\" data-widget_type=\"text-editor.default\">\n\t\t\t\t<div class=\"elementor-widget-container\">\n\t\t\t\t\t\t\t\t\t<h3 style=\"text-align: left;\"><span style=\"color: #000000;\">-Lonas con refuerzo&nbsp;<\/span><\/h3>\n<h3 style=\"text-align: left;\"><span style=\"color: #000000;\">-Ojales perimetrales&nbsp;<\/span><\/h3>\n<h3 style=\"text-align: left;\"><span style=\"color: #000000;\">-Bolsillos en lonas&nbsp;<\/span><\/h3>\n<h3 style=\"text-align: left;\"><span style=\"color: #000000;\">-Lonas para cami\u00f3n&nbsp;<\/span><\/h3>\n<h3 style=\"text-align: left;\"><span style=\"color: #000000;\">-Toldos&nbsp;<\/span><\/h3>\n<h3 style=\"text-align: left;\"><span style=\"color: #000000;\">-Fondo de prensa&nbsp;<\/span><\/h3>\n<h3 style=\"text-align: left;\"><span style=\"color: #000000;\">-Carteler\u00eda en general<\/span><\/h3>\n<h3 style=\"text-align: left;\"><span style=\"color: #000000;\">-Impresi\u00f3n de paisajes&nbsp;<\/span><\/h3>\n<h3 style=\"text-align: left;\"><span style=\"color: #000000;\">-Consultenos para enviarnos su material para imprimir&nbsp;fotos, frases, texto, etc&#8230;<\/span><\/h3>\n<div><span style=\"color: #000000; font-size: 24px;\">&nbsp;<\/span><\/div>\n<h3><span style=\"color: #000000;\">&nbsp;<\/span><\/h3>\n<h3 style=\"text-align: center;\"><span style=\"color: #000000;\">\u00a1PREGUNTE POR TRABAJOS ESPECIALES!&nbsp; Su consulta no molesta.<\/span><\/h3>\n<p><span style=\"color: #000000;\">&nbsp;<\/span><\/p>\n<p><\/p>\t\t\t\t\t\t\t\t<\/div>\n\t\t\t\t<\/div>\n\t\t\t\t<div class=\"elementor-element elementor-element-4c02762 elementor-widget elementor-widget-image\" data-id=\"4c02762\" data-element_type=\"widget\" data-widget_type=\"image.default\">\n\t\t\t\t<div class=\"elementor-widget-container\">\n\t\t\t\t\t\t\t\t\t\t\t\t\t\t\t<img fetchpriority=\"high\" decoding=\"async\" width=\"225\" height=\"225\" src=\"https:\/\/wp.rmsgigantografias.com.ar\/wp-content\/uploads\/2020\/04\/consulta.jpg\" class=\"attachment-large size-large wp-image-911\" alt=\"\" srcset=\"https:\/\/wp.rmsgigantografias.com.ar\/wp-content\/uploads\/2020\/04\/consulta.jpg 225w, https:\/\/wp.rmsgigantografias.com.ar\/wp-content\/uploads\/2020\/04\/consulta-150x150.jpg 150w\" sizes=\"(max-width: 225px) 100vw, 225px\" \/>\t\t\t\t\t\t\t\t\t\t\t\t\t\t\t<\/div>\n\t\t\t\t<\/div>\n\t\t\t\t\t<\/div>\n\t\t<\/div>\n\t\t\t\t\t<\/div>\n\t\t<\/section>\n\t\t\t\t<\/div>\n\t\t","protected":false},"excerpt":{"rendered":"<p>-Lonas con refuerzo&nbsp; -Ojales perimetrales&nbsp; -Bolsillos en lonas&nbsp; -Lonas para cami\u00f3n&nbsp; -Toldos&nbsp; -Fondo de prensa&nbsp; -Carteler\u00eda en general -Impresi\u00f3n de paisajes&nbsp; -Consultenos para enviarnos su material para imprimir&nbsp;fotos, frases, texto, etc&#8230; &nbsp; &nbsp; \u00a1PREGUNTE POR TRABAJOS ESPECIALES!&nbsp; Su consulta no molesta. &nbsp;<\/p>\n","protected":false},"author":2,"featured_media":0,"parent":0,"menu_order":0,"comment_status":"closed","ping_status":"closed","template":"","meta":{"ngg_post_thumbnail":0,"footnotes":""},"class_list":["post-891","page","type-page","status-publish","hentry"],"_links":{"self":[{"href":"https:\/\/wp.rmsgigantografias.com.ar\/index.php\/wp-json\/wp\/v2\/pages\/891","targetHints":{"allow":["GET"]}}],"collection":[{"href":"https:\/\/wp.rmsgigantografias.com.ar\/index.php\/wp-json\/wp\/v2\/pages"}],"about":[{"href":"https:\/\/wp.rmsgigantografias.com.ar\/index.php\/wp-json\/wp\/v2\/types\/page"}],"author":[{"embeddable":true,"href":"https:\/\/wp.rmsgigantografias.com.ar\/index.php\/wp-json\/wp\/v2\/users\/2"}],"replies":[{"embeddable":true,"href":"https:\/\/wp.rmsgigantografias.com.ar\/index.php\/wp-json\/wp\/v2\/comments?post=891"}],"version-history":[{"count":20,"href":"https:\/\/wp.rmsgigantografias.com.ar\/index.php\/wp-json\/wp\/v2\/pages\/891\/revisions"}],"predecessor-version":[{"id":1023,"href":"https:\/\/wp.rmsgigantografias.com.ar\/index.php\/wp-json\/wp\/v2\/pages\/891\/revisions\/1023"}],"wp:attachment":[{"href":"https:\/\/wp.rmsgigantografias.com.ar\/index.php\/wp-json\/wp\/v2\/media?parent=891"}],"curies":[{"name":"wp","href":"https:\/\/api.w.org\/{rel}","templated":true}]}}